{"id":8785,"date":"2018-07-25T13:27:14","date_gmt":"2018-07-25T11:27:14","guid":{"rendered":"https:\/\/www.apolloexecutive.com\/international\/"},"modified":"2023-11-21T09:43:59","modified_gmt":"2023-11-21T07:43:59","slug":"deutsch-franzoesische-personalberatung","status":"publish","type":"page","link":"https:\/\/www.apolloexecutive.com\/de\/deutsch-franzoesische-personalberatung\/","title":{"rendered":"Frankreich-DACH Region"},"content":{"rendered":"<p><div class=\"fusion-fullwidth fullwidth-box fusion-builder-row-1 nonhundred-percent-fullwidth non-hundred-percent-height-scrolling\" style=\"--awb-border-radius-top-left:0px;--awb-border-radius-top-right:0px;--awb-border-radius-bottom-right:0px;--awb-border-radius-bottom-left:0px;--awb-flex-wrap:wrap;\" ><div class=\"fusion-builder-row fusion-row\"><div class=\"fusion-layout-column fusion_builder_column fusion-builder-column-0 fusion_builder_column_1_1 1_1 fusion-one-full fusion-column-first fusion-column-last\" style=\"--awb-bg-size:cover;--awb-margin-bottom:0px;\"><div class=\"fusion-column-wrapper fusion-flex-column-wrapper-legacy\"><div class=\"fusion-text fusion-text-1\"><div class=\"partner-quotes first-quotes\">\n<div class=\"partner-img-sec\">\n<div class=\"partner-img global\"><img decoding=\"async\" class=\"alignnone size-full wp-image-9987\" src=\"https:\/\/www.apolloexecutive.com\/wp-content\/uploads\/2018\/10\/Stege-jorg-1.png\" alt=\"\" width=\"386\" height=\"386\" srcset=\"https:\/\/www.apolloexecutive.com\/wp-content\/uploads\/2018\/10\/Stege-jorg-1-66x66.png 66w, https:\/\/www.apolloexecutive.com\/wp-content\/uploads\/2018\/10\/Stege-jorg-1-150x150.png 150w, https:\/\/www.apolloexecutive.com\/wp-content\/uploads\/2018\/10\/Stege-jorg-1-200x200.png 200w, https:\/\/www.apolloexecutive.com\/wp-content\/uploads\/2018\/10\/Stege-jorg-1-300x300.png 300w, https:\/\/www.apolloexecutive.com\/wp-content\/uploads\/2018\/10\/Stege-jorg-1.png 386w\" sizes=\"(max-width: 386px) 100vw, 386px\" loading=\"lazy\" \/><\/div>\n<div class=\"partner-content\">\n<div class=\"quote\"><strong>J\u00f6rg Stegemann, Managing Partner<\/strong><\/div>\n<p><i class=\"fa fa-quote-left\"> <\/i>In den letzten 20 Jahren habe ich in Deutschland, \u00d6sterreich, Frankreich, Italien, der Schweiz und Singapur gelebt und spreche 5 Sprachen: Deutsch, Englisch, Franz\u00f6sisch, Italienisch und Schwedisch. Seit 2007 lebe ich in Paris und bin mit einer Franz\u00f6sin verheiratet. Meine Kinder sind zweisprachig. Mein Team hat einen \u00e4hnlichen Background und nahezu alle unsere Mandate haben eine deutsch-franz\u00f6sischsprachige Komponente. Frankreich ist anders. Deutschland und \u00d6sterreich auch. Wir \u00fcbersetzen die Unterschiede zwischen Deutschland, \u00d6sterreich und Frankreich t\u00e4glich.<i class=\"fa fa-quote-right\"> <\/i><\/p>\n<\/div>\n<\/div>\n<\/div>\n<\/div><div class=\"fusion-clearfix\"><\/div><\/div><\/div><\/div><\/div><div class=\"fusion-fullwidth fullwidth-box fusion-builder-row-2 nonhundred-percent-fullwidth non-hundred-percent-height-scrolling fusion-equal-height-columns\" style=\"--awb-border-radius-top-left:0px;--awb-border-radius-top-right:0px;--awb-border-radius-bottom-right:0px;--awb-border-radius-bottom-left:0px;--awb-background-color:#ff6c30;--awb-flex-wrap:wrap;\" ><div class=\"fusion-builder-row fusion-row\"><div class=\"fusion-layout-column fusion_builder_column fusion-builder-column-1 fusion_builder_column_1_1 1_1 fusion-one-full fusion-column-first fusion-column-last become-partner-block\" style=\"--awb-bg-size:cover;\"><div class=\"fusion-column-wrapper fusion-flex-column-wrapper-legacy\"><div class=\"fusion-builder-row fusion-builder-row-inner fusion-row\"><div class=\"fusion-layout-column fusion_builder_column_inner fusion-builder-nested-column-0 fusion_builder_column_inner_1_3 1_3 fusion-one-third fusion-column-first block-another\" style=\"--awb-bg-size:cover;width:33.333333333333%;width:calc(33.333333333333% - ( ( 35px + 35px ) * 0.33333333333333 ) );margin-right: 35px;\"><div class=\"fusion-column-wrapper fusion-flex-column-wrapper-legacy\"><div class=\"fusion-text fusion-text-2\"><div class=\"become-business-block\">\n<div><img decoding=\"async\" class=\"alignnone size-medium wp-image-8673\" src=\"https:\/\/www.apolloexecutive.com\/wp-content\/uploads\/2018\/07\/apollo-fingure-300x300.png\" alt=\"\" width=\"50\" height=\"50\" srcset=\"https:\/\/www.apolloexecutive.com\/wp-content\/uploads\/2018\/07\/apollo-fingure-66x66.png 66w, https:\/\/www.apolloexecutive.com\/wp-content\/uploads\/2018\/07\/apollo-fingure-150x150.png 150w, https:\/\/www.apolloexecutive.com\/wp-content\/uploads\/2018\/07\/apollo-fingure-200x200.png 200w, https:\/\/www.apolloexecutive.com\/wp-content\/uploads\/2018\/07\/apollo-fingure-300x300.png 300w, https:\/\/www.apolloexecutive.com\/wp-content\/uploads\/2018\/07\/apollo-fingure-400x400.png 400w, https:\/\/www.apolloexecutive.com\/wp-content\/uploads\/2018\/07\/apollo-fingure-600x600.png 600w, https:\/\/www.apolloexecutive.com\/wp-content\/uploads\/2018\/07\/apollo-fingure-768x768.png 768w, https:\/\/www.apolloexecutive.com\/wp-content\/uploads\/2018\/07\/apollo-fingure-800x800.png 800w, https:\/\/www.apolloexecutive.com\/wp-content\/uploads\/2018\/07\/apollo-fingure-1024x1024.png 1024w, https:\/\/www.apolloexecutive.com\/wp-content\/uploads\/2018\/07\/apollo-fingure.png 1200w\" sizes=\"(max-width: 50px) 100vw, 50px\" loading=\"lazy\" \/><\/div>\n<div class=\"business-content\">\n<h2>Angebot<\/h2>\n<div>Direktansprache von F\u00fchrungskr\u00e4ften, vor allem im deutsch-franz\u00f6sischsprachigen Kontext, sowohl von Deutschland und \u00d6sterreich nach Frankreich als auch andersrum.<\/div>\n<\/div>\n<\/div>\n<\/div><div class=\"fusion-clearfix\"><\/div><\/div><\/div><div class=\"fusion-layout-column fusion_builder_column_inner fusion-builder-nested-column-1 fusion_builder_column_inner_1_3 1_3 fusion-one-third block-another\" style=\"--awb-bg-size:cover;width:33.333333333333%;width:calc(33.333333333333% - ( ( 35px + 35px ) * 0.33333333333333 ) );margin-right: 35px;\"><div class=\"fusion-column-wrapper fusion-flex-column-wrapper-legacy\"><div class=\"fusion-text fusion-text-3\"><div class=\"become-business-block\">\n<div><img decoding=\"async\" class=\"alignnone size-medium wp-image-8676\" src=\"https:\/\/www.apolloexecutive.com\/wp-content\/uploads\/2018\/07\/shoot-1-300x300.png\" alt=\"\" width=\"50\" height=\"50\" srcset=\"https:\/\/www.apolloexecutive.com\/wp-content\/uploads\/2018\/07\/shoot-1-66x66.png 66w, https:\/\/www.apolloexecutive.com\/wp-content\/uploads\/2018\/07\/shoot-1-150x150.png 150w, https:\/\/www.apolloexecutive.com\/wp-content\/uploads\/2018\/07\/shoot-1-200x200.png 200w, https:\/\/www.apolloexecutive.com\/wp-content\/uploads\/2018\/07\/shoot-1-300x300.png 300w, https:\/\/www.apolloexecutive.com\/wp-content\/uploads\/2018\/07\/shoot-1-400x400.png 400w, https:\/\/www.apolloexecutive.com\/wp-content\/uploads\/2018\/07\/shoot-1-600x600.png 600w, https:\/\/www.apolloexecutive.com\/wp-content\/uploads\/2018\/07\/shoot-1-768x768.png 768w, https:\/\/www.apolloexecutive.com\/wp-content\/uploads\/2018\/07\/shoot-1-800x800.png 800w, https:\/\/www.apolloexecutive.com\/wp-content\/uploads\/2018\/07\/shoot-1-1024x1024.png 1024w, https:\/\/www.apolloexecutive.com\/wp-content\/uploads\/2018\/07\/shoot-1.png 1200w\" sizes=\"(max-width: 50px) 100vw, 50px\" loading=\"lazy\" \/><\/div>\n<div class=\"business-content\">\n<h2 style=\"--fontSize: 28;\" data-fontsize=\"28\" data-lineheight=\"normal\" class=\"fusion-responsive-typography-calculated\">Qualit\u00e4t<\/h2>\n<div>Apollo Executive Search &amp; Consulting ist Mitglied der deutsch-franz\u00f6sischen Handelskammer und Vertrauensberater der \u00d6sterreichischen Handelsdelegation in Paris.<\/div>\n<\/div>\n<\/div>\n<\/div><div class=\"fusion-clearfix\"><\/div><\/div><\/div><div class=\"fusion-layout-column fusion_builder_column_inner fusion-builder-nested-column-2 fusion_builder_column_inner_1_3 1_3 fusion-one-third fusion-column-last block-first\" style=\"--awb-bg-size:cover;width:33.333333333333%;width:calc(33.333333333333% - ( ( 35px + 35px ) * 0.33333333333333 ) );\"><div class=\"fusion-column-wrapper fusion-flex-column-wrapper-legacy\"><div class=\"fusion-text fusion-text-4\"><div class=\"become-business-block\">\n<div><img decoding=\"async\" class=\"alignnone size-medium wp-image-8674\" src=\"https:\/\/www.apolloexecutive.com\/wp-content\/uploads\/2018\/07\/apollo-fingure-printr-300x300.png\" alt=\"\" width=\"50\" height=\"50\" srcset=\"https:\/\/www.apolloexecutive.com\/wp-content\/uploads\/2018\/07\/apollo-fingure-printr-66x66.png 66w, https:\/\/www.apolloexecutive.com\/wp-content\/uploads\/2018\/07\/apollo-fingure-printr-150x150.png 150w, https:\/\/www.apolloexecutive.com\/wp-content\/uploads\/2018\/07\/apollo-fingure-printr-200x200.png 200w, https:\/\/www.apolloexecutive.com\/wp-content\/uploads\/2018\/07\/apollo-fingure-printr-300x300.png 300w, https:\/\/www.apolloexecutive.com\/wp-content\/uploads\/2018\/07\/apollo-fingure-printr-400x400.png 400w, https:\/\/www.apolloexecutive.com\/wp-content\/uploads\/2018\/07\/apollo-fingure-printr-600x600.png 600w, https:\/\/www.apolloexecutive.com\/wp-content\/uploads\/2018\/07\/apollo-fingure-printr-768x768.png 768w, https:\/\/www.apolloexecutive.com\/wp-content\/uploads\/2018\/07\/apollo-fingure-printr-800x800.png 800w, https:\/\/www.apolloexecutive.com\/wp-content\/uploads\/2018\/07\/apollo-fingure-printr-1024x1024.png 1024w, https:\/\/www.apolloexecutive.com\/wp-content\/uploads\/2018\/07\/apollo-fingure-printr.png 1200w\" sizes=\"(max-width: 50px) 100vw, 50px\" loading=\"lazy\" \/><\/div>\n<div class=\"business-content\">\n<h2 class=\"\" style=\"--fontsize: 28;\" data-fontsize=\"28\" data-lineheight=\"normal\">Was macht uns besonders?<\/h2>\n<div>Unser Team besteht aus Deutsch-Franzosen. Alle haben wir in mindestens zwei L\u00e4ndern gearbeitet und sprechen gemeinsam 6 Sprachen.<\/div>\n<\/div>\n<\/div>\n<\/div><div class=\"fusion-clearfix\"><\/div><\/div><\/div><div class=\"fusion-layout-column fusion_builder_column_inner fusion-builder-nested-column-3 fusion_builder_column_inner_1_3 1_3 fusion-one-third fusion-column-first block-another\" style=\"--awb-bg-size:cover;width:33.333333333333%;width:calc(33.333333333333% - ( ( 35px + 35px ) * 0.33333333333333 ) );margin-right: 35px;\"><div class=\"fusion-column-wrapper fusion-flex-column-wrapper-legacy\"><div class=\"fusion-text fusion-text-5\"><div class=\"become-business-block\">\n<div><img decoding=\"async\" class=\"alignnone size-full wp-image-9727\" src=\"https:\/\/www.apolloexecutive.com\/wp-content\/uploads\/2018\/09\/scissors.png\" alt=\"\" width=\"50\" height=\"50\" loading=\"lazy\" \/><\/div>\n<div class=\"business-content\">\n<h2>Unser Ansatz<\/h2>\n<div>Ma\u00dfgeschneiderte Beratung durch ein erfahrenes und internationales Team: die Personen auf dieser Homepage. Wir besch\u00e4ftigen keine Drittparteien. What you see is what you get.<\/div>\n<\/div>\n<\/div>\n<\/div><div class=\"fusion-clearfix\"><\/div><\/div><\/div><div class=\"fusion-layout-column fusion_builder_column_inner fusion-builder-nested-column-4 fusion_builder_column_inner_1_3 1_3 fusion-one-third block-another\" style=\"--awb-bg-size:cover;width:33.333333333333%;width:calc(33.333333333333% - ( ( 35px + 35px ) * 0.33333333333333 ) );margin-right: 35px;\"><div class=\"fusion-column-wrapper fusion-flex-column-wrapper-legacy\"><div class=\"fusion-text fusion-text-6\"><div class=\"become-business-block\">\n<div><img decoding=\"async\" class=\"alignnone size-medium wp-image-8682\" src=\"https:\/\/www.apolloexecutive.com\/wp-content\/uploads\/2018\/07\/book-300x300.png\" alt=\"\" width=\"50\" height=\"50\" srcset=\"https:\/\/www.apolloexecutive.com\/wp-content\/uploads\/2018\/07\/book-66x66.png 66w, https:\/\/www.apolloexecutive.com\/wp-content\/uploads\/2018\/07\/book-150x150.png 150w, https:\/\/www.apolloexecutive.com\/wp-content\/uploads\/2018\/07\/book-200x200.png 200w, https:\/\/www.apolloexecutive.com\/wp-content\/uploads\/2018\/07\/book-300x300.png 300w, https:\/\/www.apolloexecutive.com\/wp-content\/uploads\/2018\/07\/book-400x400.png 400w, https:\/\/www.apolloexecutive.com\/wp-content\/uploads\/2018\/07\/book-600x600.png 600w, https:\/\/www.apolloexecutive.com\/wp-content\/uploads\/2018\/07\/book-768x768.png 768w, https:\/\/www.apolloexecutive.com\/wp-content\/uploads\/2018\/07\/book-800x800.png 800w, https:\/\/www.apolloexecutive.com\/wp-content\/uploads\/2018\/07\/book-1024x1024.png 1024w, https:\/\/www.apolloexecutive.com\/wp-content\/uploads\/2018\/07\/book.png 1200w\" sizes=\"(max-width: 50px) 100vw, 50px\" loading=\"lazy\" \/><\/div>\n<div class=\"business-content\">\n<h2>Unser Angebot<\/h2>\n<div>\n<ul>\n<li>Personalberatung per Direktansprache<\/li>\n<li>Assessment<\/li>\n<li>Leadership Consulting<\/li>\n<li>Outplacement<\/li>\n<\/ul>\n<\/div>\n<\/div>\n<\/div>\n<\/div><div class=\"fusion-clearfix\"><\/div><\/div><\/div><div class=\"fusion-layout-column fusion_builder_column_inner fusion-builder-nested-column-5 fusion_builder_column_inner_1_3 1_3 fusion-one-third fusion-column-last block-first\" style=\"--awb-bg-size:cover;width:33.333333333333%;width:calc(33.333333333333% - ( ( 35px + 35px ) * 0.33333333333333 ) );\"><div class=\"fusion-column-wrapper fusion-flex-column-wrapper-legacy\"><div class=\"fusion-text fusion-text-7\"><div><img decoding=\"async\" class=\"alignnone size-medium wp-image-8683\" src=\"https:\/\/www.apolloexecutive.com\/wp-content\/uploads\/2018\/07\/horse-300x300.png\" alt=\"\" width=\"50\" height=\"50\" srcset=\"https:\/\/www.apolloexecutive.com\/wp-content\/uploads\/2018\/07\/horse-66x66.png 66w, https:\/\/www.apolloexecutive.com\/wp-content\/uploads\/2018\/07\/horse-150x150.png 150w, https:\/\/www.apolloexecutive.com\/wp-content\/uploads\/2018\/07\/horse-200x200.png 200w, https:\/\/www.apolloexecutive.com\/wp-content\/uploads\/2018\/07\/horse-300x300.png 300w, https:\/\/www.apolloexecutive.com\/wp-content\/uploads\/2018\/07\/horse-400x400.png 400w, https:\/\/www.apolloexecutive.com\/wp-content\/uploads\/2018\/07\/horse-600x600.png 600w, https:\/\/www.apolloexecutive.com\/wp-content\/uploads\/2018\/07\/horse-768x768.png 768w, https:\/\/www.apolloexecutive.com\/wp-content\/uploads\/2018\/07\/horse-800x800.png 800w, https:\/\/www.apolloexecutive.com\/wp-content\/uploads\/2018\/07\/horse-1024x1024.png 1024w, https:\/\/www.apolloexecutive.com\/wp-content\/uploads\/2018\/07\/horse.png 1200w\" sizes=\"(max-width: 50px) 100vw, 50px\" loading=\"lazy\" \/><\/div>\n<div class=\"business-content\">\n<h2>Letzte Mandate<\/h2>\n<div>\n<ul>\n<li>CEO Frankreich (Mittelstand)<\/li>\n<li>CEO Frankreich (Aktiengesellschaft)<\/li>\n<li>Country Manager Frankreich (Familienunternehmen)<\/li>\n<li>Assessment: Vertriebsleiter<\/li>\n<li>Outplacement: CEO<\/li>\n<\/ul>\n<\/div>\n<\/div>\n<\/div><div class=\"fusion-clearfix\"><\/div><\/div><\/div><\/div><div class=\"fusion-clearfix\"><\/div><\/div><\/div><\/div><\/div><div class=\"fusion-fullwidth fullwidth-box fusion-builder-row-3 nonhundred-percent-fullwidth non-hundred-percent-height-scrolling\" style=\"--awb-border-radius-top-left:0px;--awb-border-radius-top-right:0px;--awb-border-radius-bottom-right:0px;--awb-border-radius-bottom-left:0px;--awb-background-color:#ffffff;--awb-flex-wrap:wrap;\" ><div class=\"fusion-builder-row fusion-row\"><div class=\"fusion-layout-column fusion_builder_column fusion-builder-column-2 fusion_builder_column_1_1 1_1 fusion-one-full fusion-column-first fusion-column-last\" style=\"--awb-bg-color:#ffffff;--awb-bg-color-hover:#ffffff;--awb-bg-size:cover;\"><div class=\"fusion-column-wrapper fusion-flex-column-wrapper-legacy\"><div class=\"fusion-text fusion-text-8\"><div class=\"white-contact\">\n<h2>Fragen? Sprechen Sie uns an!<\/h2>\n<p><a href=\"https:\/\/www.apolloexecutive.com\/de\/contact\/\">Kontakt<\/a><\/p>\n<\/div>\n<\/div><div class=\"fusion-clearfix\"><\/div><\/div><\/div><\/div><\/div><\/p>\n","protected":false},"excerpt":{"rendered":"","protected":false},"author":35,"featured_media":0,"parent":0,"menu_order":0,"comment_status":"closed","ping_status":"closed","template":"100-width.php","meta":{"footnotes":""},"class_list":["post-8785","page","type-page","status-publish","hentry"],"_links":{"self":[{"href":"https:\/\/www.apolloexecutive.com\/de\/wp-json\/wp\/v2\/pages\/8785","targetHints":{"allow":["GET"]}}],"collection":[{"href":"https:\/\/www.apolloexecutive.com\/de\/wp-json\/wp\/v2\/pages"}],"about":[{"href":"https:\/\/www.apolloexecutive.com\/de\/wp-json\/wp\/v2\/types\/page"}],"author":[{"embeddable":true,"href":"https:\/\/www.apolloexecutive.com\/de\/wp-json\/wp\/v2\/users\/35"}],"replies":[{"embeddable":true,"href":"https:\/\/www.apolloexecutive.com\/de\/wp-json\/wp\/v2\/comments?post=8785"}],"version-history":[{"count":0,"href":"https:\/\/www.apolloexecutive.com\/de\/wp-json\/wp\/v2\/pages\/8785\/revisions"}],"wp:attachment":[{"href":"https:\/\/www.apolloexecutive.com\/de\/wp-json\/wp\/v2\/media?parent=8785"}],"curies":[{"name":"wp","href":"https:\/\/api.w.org\/{rel}","templated":true}]}}