{"id":9364,"date":"2018-07-31T09:57:07","date_gmt":"2018-07-31T09:57:07","guid":{"rendered":"https:\/\/www.apolloexecutive.com\/?page_id=9364"},"modified":"2020-05-28T13:08:39","modified_gmt":"2020-05-28T13:08:39","slug":"rechtliche-informationen","status":"publish","type":"page","link":"https:\/\/www.apolloexecutive.com\/de\/rechtliche-informationen\/","title":{"rendered":"Rechtliche Informationen\/ DSGVO"},"content":{"rendered":"<div class=\"fusion-fullwidth fullwidth-box fusion-builder-row-1 hundred-percent-fullwidth non-hundred-percent-height-scrolling\" style=\"--awb-border-radius-top-left:0px;--awb-border-radius-top-right:0px;--awb-border-radius-bottom-right:0px;--awb-border-radius-bottom-left:0px;--awb-padding-top:50px;--awb-padding-right:50px;--awb-padding-left:50px;--awb-flex-wrap:wrap;\" ><div class=\"fusion-builder-row fusion-row\"><div class=\"fusion-layout-column fusion_builder_column fusion-builder-column-0 fusion_builder_column_1_1 1_1 fusion-one-full fusion-column-first fusion-column-last legal-title\" style=\"--awb-bg-size:cover;\"><div class=\"fusion-column-wrapper fusion-flex-column-wrapper-legacy\"><div class=\"fusion-title title fusion-title-1 fusion-sep-none fusion-title-center fusion-title-text fusion-title-size-one\"><h1 class=\"fusion-title-heading title-heading-center\" style=\"margin:0;text-transform:none;\">Rechtliche Informationen<\/h1><\/div><div class=\"fusion-text fusion-text-1\"><div class=\"legal-info-page\">\n<p style=\"text-align: center;\">Apollo Executive SAS, eine vereinfachte Aktiengesellschaft mit Sitz in 28 Cours Albert 1er, F-75008 Paris (&#8220;Apollo&#8221;), verarbeitet die personenbezogenen Daten der Besucher (die &#8220;Besucher&#8221;) auf der Website &#8220;https:\/\/www.apolloexecutive&#8221;. com\/&#8221;. (die &#8220;Website&#8221;) als Verantwortlicher in \u00dcbereinstimmung mit der Verordnung \u00fcber den Schutz nat\u00fcrlicher Personen bei der Verarbeitung personenbezogener Daten und \u00fcber den freien Datenverkehr vom 27. April 2016 (das &#8220;GDPR&#8221;) und mit dem Gesetz Nr. 78-17 vom 6. Januar 1978 \u00fcber die Datenverarbeitung, Dateien und Freiheiten (das &#8220;Datenschutzgesetz&#8221;).<\/p>\n<p style=\"text-align: center;\"><strong>1) Kategorien der verarbeiteten Daten, Zweck und Rechtsgrundlage<\/strong><\/p>\n<p style=\"text-align: center;\">Die von Apollo verarbeiteten personenbezogenen Daten von Besuchern sind:<\/p>\n<ul style=\"text-align: center;\">\n<li>Daten, die mit Hilfe von Cookies erhoben werden (siehe unten unter der Rubrik &#8220;Cookies&#8221;), und<\/li>\n<li>Daten, die im Kontaktformular angegeben sind, das der Besucher ausf\u00fcllt, um eine E-Mail an Apollo zu senden: Name, E-Mail-Adresse, Telefonnummer, Inhalt der gesendeten Nachricht (&#8220;Kontaktformulardaten&#8221;).<\/li>\n<\/ul>\n<p style=\"text-align: center;\">Apollo verarbeitet die Formulardaten, um auf Fragen und Kommentare zu antworten, die Besucher auf diese Weise senden.<\/p>\n<p style=\"text-align: center;\">Apollo verarbeitet diese Daten auf der Grundlage ihres berechtigten Interesses gem\u00e4\u00df Artikel 6 des GDPR.<\/p>\n<p style=\"text-align: center;\"><strong>2) Dauer<\/strong><\/p>\n<p style=\"text-align: center;\">Die Kontaktformulardaten werden f\u00fcr einen Zeitraum von einem (1) Jahr ab dem letzten Kontakt mit dem Besucher gespeichert.<\/p>\n<p style=\"text-align: center;\"><strong>3) Rechte<\/strong><\/p>\n<p style=\"text-align: center;\">Der Besucher hat das Recht auf Zugang, Berichtigung, L\u00f6schung, Einschr\u00e4nkung und Widerspruch gegen die Verarbeitung der Kontaktformulardaten.<\/p>\n<p style=\"text-align: center;\">Dar\u00fcber hinaus kann der Besucher jederzeit seine Anweisungen zur Verarbeitung der Kontaktformulardaten nach seinem Tod geben.<\/p>\n<p style=\"text-align: center;\">Der Besucher hat auch das Recht, eine Beschwerde bei der CNIL einzureichen, wenn er der Ansicht ist, dass die GDPR und das Datenschutzgesetz nicht eingehalten werden.<\/p>\n<p style=\"text-align: center;\">Der Besucher kann seine Rechte durch eine E-Mail an die folgende Adresse: privacy@apolloexecutive.com oder einen Brief an die folgende Adresse aus\u00fcben: 16 Kurse Albert 1er, 75008 Paris<\/p>\n<p style=\"text-align: center;\"><strong>4) Daten\u00fcbermittlung au\u00dferhalb der Europ\u00e4ischen Union<\/strong><\/p>\n<p style=\"text-align: center;\">Unter bestimmten Umst\u00e4nden kann Apollo die Kontaktformulardaten an seine Partner in den USA und Lateinamerika \u00fcbermitteln, wenn der Besucher eine Verbindung zu unseren Partnerb\u00fcros<\/p>\n<p style=\"text-align: center;\">In diesem Fall ist die \u00dcbermittlung der Kontaktformulardaten au\u00dferhalb der Europ\u00e4ischen Union nur f\u00fcr den Besucher, der die \u00dcbermittlung beantragt hat, erforderlich und erfolgt auf der Grundlage von Artikel 49 1. b des GDPR.<\/p>\n<p style=\"text-align: center;\"><strong>5) Empf\u00e4nger<\/strong><\/p>\n<p style=\"text-align: center;\">Apollo kann die Kontaktformulardaten an seine Partner \u00fcbermitteln, eine Liste ist unter der folgenden Adresse verf\u00fcgbar: &#8220;https:\/\/www.apolloexecutive.com\/global\/&#8221;.<\/p>\n<p style=\"text-align: center;\"><strong>6) Cookies<\/strong><\/p>\n<p style=\"text-align: center;\"><strong>a) Zwecke<\/strong><\/p>\n<p style=\"text-align: center;\">Ein Cookie ist eine kleine Textdatei, die vom Computerbrowser, Tablett oder Smartphone des Besuchers gespeichert wird und die es dem Besucher erm\u00f6glicht, personenbezogene Daten zu speichern, um die Navigation auf der Website zu erleichtern und bestimmte Funktionen zu erm\u00f6glichen.<\/p>\n<p style=\"text-align: center;\">Die von Apollo auf der Website verwendeten Cookies erm\u00f6glichen dies:<\/p>\n<p style=\"text-align: center;\">die Geschwindigkeit der Website zu verbessern, indem die Anzahl der Anfragen und die Datenerfassung bei hohem Traffic begrenzt wird (&#8220;Performance Cookies&#8221;).<br \/>\nStatistiken und Berichte \u00fcber das Verkehrsaufkommen und die Nutzung der Website erstellen (&#8220;Audience Measurement Cookies&#8221;).<\/p>\n<p style=\"text-align: center;\"><strong>b) Parametereinstellung<\/strong><\/p>\n<p style=\"text-align: center;\">Der Besucher hat der Installation und Verwendung von Performance-Cookies, Audience Measurement Cookies und Sharing-Cookies in sozialen Netzwerken durch Anklicken eines Kontrollk\u00e4stchens zugestimmt, das bei seinem ersten Besuch auf der Website auf einem Informationsbanner angezeigt wird.<\/p>\n<p style=\"text-align: center;\">Der Besucher kann seine Zustimmung zur Hinterlegung und Verwendung jeder Art von Cookie widerrufen, wenn er dies w\u00fcnscht:<\/p>\n<ul style=\"text-align: center;\">\n<li>Leistungs-Cookies<\/li>\n<li>Cookies zur Publikumsmessung<\/li>\n<\/ul>\n<p style=\"text-align: center;\">Die Tatsache, dass sie ihre Zustimmung zur Hinterlegung und Verwendung einer oder mehrerer Arten von Cookies widerrufen hat, hindert den Besucher in keiner Weise daran, auf die Website zuzugreifen und sie zu besuchen.<\/p>\n<p style=\"text-align: center;\"><strong>c) Dauer<\/strong><\/p>\n<p style=\"text-align: center;\">Cookies werden f\u00fcr einen Zeitraum von dreizehn (13) Monaten gespeichert. Nach Ablauf dieser Frist wird Apollo den Besucher erneut um die Zustimmung zur Hinterlegung und Verwendung des Cookies bitten.<\/p>\n<\/div>\n<\/div><div class=\"fusion-clearfix\"><\/div><\/div><\/div><\/div><\/div>\n","protected":false},"excerpt":{"rendered":"","protected":false},"author":35,"featured_media":0,"parent":0,"menu_order":0,"comment_status":"closed","ping_status":"closed","template":"100-width.php","meta":{"footnotes":""},"class_list":["post-9364","page","type-page","status-publish","hentry"],"_links":{"self":[{"href":"https:\/\/www.apolloexecutive.com\/de\/wp-json\/wp\/v2\/pages\/9364","targetHints":{"allow":["GET"]}}],"collection":[{"href":"https:\/\/www.apolloexecutive.com\/de\/wp-json\/wp\/v2\/pages"}],"about":[{"href":"https:\/\/www.apolloexecutive.com\/de\/wp-json\/wp\/v2\/types\/page"}],"author":[{"embeddable":true,"href":"https:\/\/www.apolloexecutive.com\/de\/wp-json\/wp\/v2\/users\/35"}],"replies":[{"embeddable":true,"href":"https:\/\/www.apolloexecutive.com\/de\/wp-json\/wp\/v2\/comments?post=9364"}],"version-history":[{"count":0,"href":"https:\/\/www.apolloexecutive.com\/de\/wp-json\/wp\/v2\/pages\/9364\/revisions"}],"wp:attachment":[{"href":"https:\/\/www.apolloexecutive.com\/de\/wp-json\/wp\/v2\/media?parent=9364"}],"curies":[{"name":"wp","href":"https:\/\/api.w.org\/{rel}","templated":true}]}}