{"id":9361,"date":"2018-07-31T09:56:16","date_gmt":"2018-07-31T09:56:16","guid":{"rendered":"https:\/\/www.apolloexecutive.com\/?page_id=9361"},"modified":"2020-05-28T13:06:25","modified_gmt":"2020-05-28T13:06:25","slug":"mentions-legales","status":"publish","type":"page","link":"https:\/\/www.apolloexecutive.com\/fr\/mentions-legales\/","title":{"rendered":"Mentions l\u00e9gales"},"content":{"rendered":"<div class=\"fusion-fullwidth fullwidth-box fusion-builder-row-1 hundred-percent-fullwidth non-hundred-percent-height-scrolling\" style=\"--awb-border-radius-top-left:0px;--awb-border-radius-top-right:0px;--awb-border-radius-bottom-right:0px;--awb-border-radius-bottom-left:0px;--awb-padding-right:50px;--awb-padding-left:50px;--awb-margin-top:50px;--awb-flex-wrap:wrap;\" ><div class=\"fusion-builder-row fusion-row\"><div class=\"fusion-layout-column fusion_builder_column fusion-builder-column-0 fusion_builder_column_1_1 1_1 fusion-one-full fusion-column-first fusion-column-last legal-title\" style=\"--awb-bg-size:cover;\"><div class=\"fusion-column-wrapper fusion-flex-column-wrapper-legacy\"><div class=\"fusion-title title fusion-title-1 fusion-sep-none fusion-title-center fusion-title-text fusion-title-size-one\"><h1 class=\"fusion-title-heading title-heading-center\" style=\"margin:0;text-transform:none;\"><strong>Politique de confidentialit\u00e9<\/strong><\/h1><\/div><div class=\"fusion-text fusion-text-1\"><div class=\"legal-info-page\">\n<p style=\"text-align: center;\">Apollo Executive SAS, soci\u00e9t\u00e9 par actions simplifi\u00e9e, dont le si\u00e8ge social est situ\u00e9 28 Cours Albert 1er, F-75008 Paris (ci-apr\u00e8s \u00ab\u00a0<strong>Apollo <\/strong>\u00bb) traite les donn\u00e9es \u00e0 caract\u00e8re personnel des visiteurs (les \u00ab\u00a0<strong>Visiteurs<\/strong>\u00a0\u00bb) du site internet \u00ab\u00a0<a href=\"https:\/\/www.apolloexecutive.com\/\">https:\/\/www.apolloexecutive.com\/<\/a>\u00a0\u00bb (le \u00ab\u00a0<strong>Site<\/strong>\u00a0\u00bb) en qualit\u00e9 de responsable de traitement, conform\u00e9ment au r\u00e8glement relatif \u00e0 la protection des personnes physiques \u00e0 l&#8217;\u00e9gard du traitement des donn\u00e9es \u00e0 caract\u00e8re personnel et \u00e0 la libre circulation de ces donn\u00e9es du 27 avril 2016 (le \u00ab\u00a0<strong>RGPD<\/strong>\u00a0\u00bb) et \u00e0 la loi n\u00b0 78-17 du 6 janvier 1978 relative \u00e0 l&#8217;informatique, aux fichiers et aux libert\u00e9s (la \u00ab\u00a0<strong>Loi Informatique et libert\u00e9s<\/strong>\u00a0\u00bb).<\/p>\n<p style=\"text-align: center;\"><strong><u>1) Cat\u00e9gories de donn\u00e9es trait\u00e9es, finalit\u00e9 et base l\u00e9gale<\/u> <\/strong><\/p>\n<p style=\"text-align: center;\">Les donn\u00e9es \u00e0 caract\u00e8re personnel des Visiteurs trait\u00e9es par Apollo sont\u00a0:<\/p>\n<ul style=\"text-align: center;\">\n<li>les donn\u00e9es collect\u00e9es au moyen de cookies (voir ci-apr\u00e8s la rubrique \u00ab\u00a0<strong>Cookies<\/strong>\u00bb), et<\/li>\n<li>les donn\u00e9es du formulaire de contact que le Visiteur compl\u00e8te pour adresser un e-mail \u00e0 Apollo\u00a0: nom, adresse e-mail, num\u00e9ro de t\u00e9l\u00e9phone, contenu du message envoy\u00e9 (\u00ab\u00a0<strong>Donn\u00e9es du Formulaire<\/strong>\u00bb).<\/li>\n<\/ul>\n<p style=\"text-align: center;\">Apollo traite les Donn\u00e9es du Formulaire afin de r\u00e9pondre aux questions et remarques que les visiteurs adressent par ce moyen.<\/p>\n<p style=\"text-align: center;\">Apollo traite ces donn\u00e9es sur le fondement dans son int\u00e9r\u00eat l\u00e9gitime tel que le pr\u00e9voit l\u2019article 6 du RGPD.<\/p>\n<p style=\"text-align: center;\"><strong><u>2) Dur\u00e9e de conservation<\/u><\/strong><\/p>\n<p style=\"text-align: center;\">Les Donn\u00e9es du Formulaire sont conserv\u00e9es pour une dur\u00e9e d\u2019un (1) an \u00e0 compter du dernier\u00a0 contact avec le visiteur.<\/p>\n<p style=\"text-align: center;\"><strong><u>3) Droits<\/u><\/strong><\/p>\n<p style=\"text-align: center;\">Le Visiteur dispose d\u2019un droit\u00a0d\u2019acc\u00e8s, de rectification,\u00a0d\u2019effacement, de limitation et d\u2019opposition aux\u00a0traitements\u00a0des Donn\u00e9es du Formulaire.<\/p>\n<p style=\"text-align: center;\">Par ailleurs, le Visiteur dispose \u00e0 tout moment de la possibilit\u00e9 d\u2019indiquer leurs directives quant au sort des Donn\u00e9es du Formulaire\u00a0 apr\u00e8s son d\u00e9c\u00e8s.<\/p>\n<p style=\"text-align: center;\">Le Visiteur dispose \u00e9galement du droit d\u2019introduire une r\u00e9clamation aupr\u00e8s de la CNIL s\u2019il estime que le RGPD et la Loi Informatique et Libert\u00e9 ne sont pas respect\u00e9s.<\/p>\n<p style=\"text-align: center;\">Le Visiteur peut exercer ses droits en adressant un e-mail \u00e0 l\u2019adresse suivante\u00a0: privacy@apolloexecutive.com ou un courrier \u00e0 l\u2019adresse suivante\u00a0: 28 Cours Albert 1<sup>er<\/sup>, 75008 Paris<\/p>\n<p style=\"text-align: center;\"><strong><u>4) Transfert de donn\u00e9es en dehors de l\u2019Union Europ\u00e9enne<\/u><\/strong><\/p>\n<p style=\"text-align: center;\">Dans certaines circonstances, Apollo peut \u00eatre amen\u00e9e \u00e0 transf\u00e9rer les Donn\u00e9es du Formulaire\u00a0 \u00e0 son partenaire Integrated People Solutions \u00e9tabli aux Etats-Unis lorsque le Visiteur demande \u00e0 \u00eatre mis en relation avec des employeurs \u00e9tablis aux Etats-Unis.<\/p>\n<p style=\"text-align: center;\">Dans cette hypoth\u00e8se, le transfert des Donn\u00e9es du Formulaire en dehors de l\u2019Union Europ\u00e9en est n\u00e9cessaire, n\u2019intervient que pour le Visiteur en ayant fait la demande transfert et aura lieu sur le fondement de l\u2019article 49 1. b du RGPD.<\/p>\n<p style=\"text-align: center;\"><strong>5) Destinataires <\/strong><\/p>\n<p style=\"text-align: center;\">Apollo pourra transmettre les Donn\u00e9es du Formulaire \u00e0 ses partenaires dont la liste est accessible \u00e0 l\u2019adresse suivante\u00a0: \u00ab\u00a0<a href=\"https:\/\/www.apolloexecutive.com\/global\/\">https:\/\/www.apolloexecutive.com\/global\/<\/a>\u00a0\u00bb<\/p>\n<p style=\"text-align: center;\"><strong><u>6) Cookies<\/u><\/strong><\/p>\n<p style=\"text-align: center;\"><strong><u>a) Finalit\u00e9s<\/u><\/strong><\/p>\n<p style=\"text-align: center;\">Le cookie est un petit fichier texte enregistr\u00e9 par le navigateur de l\u2019ordinateur, la tablette ou le smartphone du Visiteur et qui permet de conserver des donn\u00e9es \u00e0 caract\u00e8re personnel du Visiteur afin de faciliter la navigation sur le Site et de permettre certaines fonctionnalit\u00e9s.<\/p>\n<p style=\"text-align: center;\">Les cookies utilis\u00e9s par Apollo sur le Site lui permettent de\u00a0:<\/p>\n<p style=\"text-align: center;\">am\u00e9liorer la rapidit\u00e9 du Site en limitant le nombre de requ\u00eates et la collecte de donn\u00e9es en cas de fort trafic (\u00ab\u00a0<strong>Cookies de Performance<\/strong>\u00bb).<\/p>\n<p style=\"text-align: center;\">\u00e9tablir des statistiques et des rapports portant sur le volume de fr\u00e9quentation et sur l\u2019utilisation du Site (\u00ab\u00a0<strong>Cookies de Mesure d\u2019Audience<\/strong>\u00bb).<\/p>\n<p style=\"text-align: center;\"><strong><u>b) Param\u00e9trage<\/u><\/strong><\/p>\n<p style=\"text-align: center;\">Le Visiteur a donn\u00e9 son consentement au d\u00e9p\u00f4t et \u00e0 l\u2019utilisation des Cookies de Performance, des Cookies de Mesure d\u2019Audience et des Cookies de Partage sur les R\u00e9seaux Sociaux en cliquant sur une case \u00e0 cocher pr\u00e9sent\u00e9e sur un bandeau d\u2019information lors de sa premi\u00e8re visite sur le Site.<\/p>\n<p style=\"text-align: center;\">Le fait de retirer son consentement au d\u00e9p\u00f4t et \u00e0 l\u2019utilisation d\u2019un ou plusieurs types de cookies par Apollo, n\u2019emp\u00eachera\u00a0 en aucun cas le Visiteur d\u2019acc\u00e9der et de naviguer sur le Site.<\/p>\n<p style=\"text-align: center;\"><strong><u>c) Dur\u00e9e<\/u><\/strong><\/p>\n<p style=\"text-align: center;\">Les cookies sont d\u00e9pos\u00e9s pour une dur\u00e9e de treize (13) mois. A l\u2019issue de cette p\u00e9riode, Apollo demandera \u00e0 nouveau son consentement au Visiteur pour d\u00e9poser et utiliser le cookie.<\/p>\n<\/div>\n<\/div><div class=\"fusion-clearfix\"><\/div><\/div><\/div><\/div><\/div>\n","protected":false},"excerpt":{"rendered":"","protected":false},"author":35,"featured_media":0,"parent":0,"menu_order":0,"comment_status":"closed","ping_status":"closed","template":"100-width.php","meta":{"footnotes":""},"class_list":["post-9361","page","type-page","status-publish","hentry"],"_links":{"self":[{"href":"https:\/\/www.apolloexecutive.com\/fr\/wp-json\/wp\/v2\/pages\/9361","targetHints":{"allow":["GET"]}}],"collection":[{"href":"https:\/\/www.apolloexecutive.com\/fr\/wp-json\/wp\/v2\/pages"}],"about":[{"href":"https:\/\/www.apolloexecutive.com\/fr\/wp-json\/wp\/v2\/types\/page"}],"author":[{"embeddable":true,"href":"https:\/\/www.apolloexecutive.com\/fr\/wp-json\/wp\/v2\/users\/35"}],"replies":[{"embeddable":true,"href":"https:\/\/www.apolloexecutive.com\/fr\/wp-json\/wp\/v2\/comments?post=9361"}],"version-history":[{"count":0,"href":"https:\/\/www.apolloexecutive.com\/fr\/wp-json\/wp\/v2\/pages\/9361\/revisions"}],"wp:attachment":[{"href":"https:\/\/www.apolloexecutive.com\/fr\/wp-json\/wp\/v2\/media?parent=9361"}],"curies":[{"name":"wp","href":"https:\/\/api.w.org\/{rel}","templated":true}]}}